{"id":690,"date":"2018-05-02T16:16:31","date_gmt":"2018-05-02T16:16:31","guid":{"rendered":"http:\/\/nanoedge-coatings.com\/?page_id=690"},"modified":"2026-02-03T11:52:53","modified_gmt":"2026-02-03T11:52:53","slug":"uber-uns","status":"publish","type":"page","link":"https:\/\/nanoedge.de\/en\/uber-uns\/","title":{"rendered":"About us"},"content":{"rendered":"<div class=\"fusion-fullwidth fullwidth-box fusion-builder-row-1 fusion-flex-container nonhundred-percent-fullwidth non-hundred-percent-height-scrolling\" style=\"--awb-border-radius-top-left:0px;--awb-border-radius-top-right:0px;--awb-border-radius-bottom-right:0px;--awb-border-radius-bottom-left:0px;--awb-padding-top:100px;--awb-flex-wrap:wrap;\" ><div class=\"fusion-builder-row fusion-row fusion-flex-align-items-flex-start fusion-flex-content-wrap\" style=\"max-width:1144px;margin-left: calc(-4% \/ 2 );margin-right: calc(-4% \/ 2 );\"><div class=\"fusion-layout-column fusion_builder_column fusion-builder-column-0 fusion_builder_column_1_1 1_1 fusion-flex-column\" style=\"--awb-bg-size:cover;--awb-width-large:100%;--awb-margin-top-large:0px;--awb-spacing-right-large:1.92%;--awb-margin-bottom-large:0px;--awb-spacing-left-large:1.92%;--awb-width-medium:100%;--awb-spacing-right-medium:1.92%;--awb-spacing-left-medium:1.92%;--awb-width-small:100%;--awb-spacing-right-small:1.92%;--awb-spacing-left-small:1.92%;\"><div class=\"fusion-column-wrapper fusion-flex-justify-content-flex-start fusion-content-layout-column\"><div class=\"fusion-text fusion-text-1\"><h3>Nanoedge GmbH \u2013 your edge in nanotechnology<\/h3>\n<\/div><div class=\"fusion-separator fusion-full-width-sep\" style=\"align-self: center;margin-left: auto;margin-right: auto;margin-top:25px;margin-bottom:25px;width:100%;\"><\/div><\/div><\/div><div class=\"fusion-layout-column fusion_builder_column fusion-builder-column-1 fusion_builder_column_1_1 1_1 fusion-flex-column\" style=\"--awb-bg-size:cover;--awb-width-large:100%;--awb-margin-top-large:0px;--awb-spacing-right-large:1.92%;--awb-margin-bottom-large:0px;--awb-spacing-left-large:1.92%;--awb-width-medium:100%;--awb-spacing-right-medium:1.92%;--awb-spacing-left-medium:1.92%;--awb-width-small:100%;--awb-spacing-right-small:1.92%;--awb-spacing-left-small:1.92%;\"><div class=\"fusion-column-wrapper fusion-flex-justify-content-flex-start fusion-content-layout-column\"><div class=\"fusion-text fusion-text-2\"><div style=\"text-align: justify;\">\n<div id=\"meta-origin\" data-coolorigin=\"https%3A%2F%2Fwopi.hidrive.com%2Fcool%2Fclipboard%3FWOPISrc%3Dhttps%253A%252F%252Fmy.hidrive.com%252Fapi%252Fwopi%252Ffiles%252FYlNPs_WJ8XAnH2Zi1ueoL3Wke2dPWN5V_9FSjXBPwvs%26ServerId%3D65aadfe1%26ViewId%3D4%26Tag%3Dc1d9fdb357201cf7\">\n<p>Bei uns dreht sich schon immer alles um die Welt der Oberfl\u00e4chen. Hierf\u00fcr entwickeln wir selbst, als auch im Auftrag von Industrieunternehmen, innovative Materialien und D\u00fcnnschichten bis hin zu kundenspezifische Prozessl\u00f6sungen.<\/p>\n<\/div>\n<div id=\"meta-origin\" data-coolorigin=\"https%3A%2F%2Fwopi.hidrive.com%2Fcool%2Fclipboard%3FWOPISrc%3Dhttps%253A%252F%252Fmy.hidrive.com%252Fapi%252Fwopi%252Ffiles%252FYlNPs_WJ8XAnH2Zi1ueoL3Wke2dPWN5V_9FSjXBPwvs%26ServerId%3D65aadfe1%26ViewId%3D4%26Tag%3Dc1d9fdb357201cf7\">\n<p>Unserer \u00fcbergeordnetes Ziel ist dabei immer durch unsere einzigartigen Nanobeschichtungen und Oberfl\u00e4chen-modifikationen, funktionale Oberfl\u00e4chen und damit vollkommen neuartige und hybride Produkte mit bisher undenkbaren Anwendungspotentialen zu erschaffen.<\/p>\n<p>Wir sehen uns als Zukunftstreiber und arbeiten bereits heute mit verschiedensten Projekt- und Kooperationspartnern erfolgreich zusammen. Dies hilft uns zusammen mit unseren Kunden und Partnern zuk\u00fcnftige technologische Trends fr\u00fchzeitig zu erkennen und an deren Entwicklung bereits von Anfang an aktiv mitzuwirken.<\/p>\n<p>Mit Stolz ist unserer neues Entwicklungszentrum mit angegliederter Produktionsst\u00e4tte Ende 2025 in Merklingen eingeweiht worden.<\/p>\n<\/div>\n<\/div>\n<\/div><div class=\"fusion-image-element\" style=\"--awb-caption-title-font-family:var(--h2_typography-font-family);--awb-caption-title-font-weight:var(--h2_typography-font-weight);--awb-caption-title-font-style:var(--h2_typography-font-style);--awb-caption-title-size:var(--h2_typography-font-size);--awb-caption-title-transform:var(--h2_typography-text-transform);--awb-caption-title-line-height:var(--h2_typography-line-height);--awb-caption-title-letter-spacing:var(--h2_typography-letter-spacing);\"><span class=\"fusion-imageframe imageframe-none imageframe-1 hover-type-none\"><img decoding=\"async\" width=\"1386\" height=\"780\" title=\"Merklingen\" src=\"https:\/\/nanoedge.de\/wp-content\/uploads\/2026\/02\/Merklingen.jpg\" alt class=\"img-responsive wp-image-2404\" srcset=\"https:\/\/nanoedge.de\/wp-content\/uploads\/2026\/02\/Merklingen-200x113.jpg 200w, https:\/\/nanoedge.de\/wp-content\/uploads\/2026\/02\/Merklingen-400x225.jpg 400w, https:\/\/nanoedge.de\/wp-content\/uploads\/2026\/02\/Merklingen-600x338.jpg 600w, https:\/\/nanoedge.de\/wp-content\/uploads\/2026\/02\/Merklingen-800x450.jpg 800w, https:\/\/nanoedge.de\/wp-content\/uploads\/2026\/02\/Merklingen-1200x675.jpg 1200w, https:\/\/nanoedge.de\/wp-content\/uploads\/2026\/02\/Merklingen.jpg 1386w\" sizes=\"(max-width: 640px) 100vw, 1200px\" \/><\/span><\/div><\/div><\/div><\/div><\/div>","protected":false},"excerpt":{"rendered":"","protected":false},"author":3,"featured_media":0,"parent":0,"menu_order":0,"comment_status":"closed","ping_status":"closed","template":"","meta":{"footnotes":""},"class_list":["post-690","page","type-page","status-publish","hentry"],"_links":{"self":[{"href":"https:\/\/nanoedge.de\/en\/wp-json\/wp\/v2\/pages\/690","targetHints":{"allow":["GET"]}}],"collection":[{"href":"https:\/\/nanoedge.de\/en\/wp-json\/wp\/v2\/pages"}],"about":[{"href":"https:\/\/nanoedge.de\/en\/wp-json\/wp\/v2\/types\/page"}],"author":[{"embeddable":true,"href":"https:\/\/nanoedge.de\/en\/wp-json\/wp\/v2\/users\/3"}],"replies":[{"embeddable":true,"href":"https:\/\/nanoedge.de\/en\/wp-json\/wp\/v2\/comments?post=690"}],"version-history":[{"count":52,"href":"https:\/\/nanoedge.de\/en\/wp-json\/wp\/v2\/pages\/690\/revisions"}],"predecessor-version":[{"id":2411,"href":"https:\/\/nanoedge.de\/en\/wp-json\/wp\/v2\/pages\/690\/revisions\/2411"}],"wp:attachment":[{"href":"https:\/\/nanoedge.de\/en\/wp-json\/wp\/v2\/media?parent=690"}],"curies":[{"name":"wp","href":"https:\/\/api.w.org\/{rel}","templated":true}]}}